{"id":8125,"date":"2024-03-06T22:32:05","date_gmt":"2024-03-06T15:32:05","guid":{"rendered":"https:\/\/hainoplaystation.com\/?page_id=8125"},"modified":"2024-03-16T11:08:41","modified_gmt":"2024-03-16T04:08:41","slug":"sua-tay-cam-ps5","status":"publish","type":"page","link":"https:\/\/hainoplaystation.com\/en\/sua-tay-cam-ps5\/","title":{"rendered":"S\u1eeda Tay C\u1ea7m PS5"},"content":{"rendered":"<div data-elementor-type=\"wp-page\" data-elementor-id=\"8125\" class=\"elementor elementor-8125\">\n\t\t\t\t<div class=\"elementor-element elementor-element-c4a213d e-flex e-con-boxed e-con e-parent\" data-id=\"c4a213d\" data-element_type=\"container\" data-settings=\"{&quot;container_type&quot;:&quot;flex&quot;,&quot;content_width&quot;:&quot;boxed&quot;,&quot;gamico_line_number&quot;:0}\" data-core-v316-plus=\"true\">\n\t\t\t\t\t<div class=\"e-con-inner\">\n\t\t\t\t<div class=\"elementor-element elementor-element-36a3ded elementor-widget elementor-widget-heading\" data-id=\"36a3ded\" data-element_type=\"widget\" data-widget_type=\"heading.default\">\n\t\t\t\t<div class=\"elementor-widget-container\">\n\t\t\t<h2 class=\"elementor-heading-title elementor-size-default\">TAY C\u1ea6M M\u01af\u1ee2T - \"T\u0102NG TR\u1ea2I NGHI\u1ec6M CH\u01a0I GAME\"<\/h2>\t\t<\/div>\n\t\t\t\t<\/div>\n\t\t\t\t<div class=\"elementor-element elementor-element-87fd7cd elementor-widget elementor-widget-text-editor\" data-id=\"87fd7cd\" data-element_type=\"widget\" data-widget_type=\"text-editor.default\">\n\t\t\t\t<div class=\"elementor-widget-container\">\n\t\t\t\t\t\t\t<p><span class=\"wixui-rich-text__text\">\u200bTh\u00f4ng th\u01b0\u1eddng, khi s\u1eed d\u1ee5ng tay c\u1ea7m kho\u1ea3ng 3 th\u00e1ng, <strong>tay c\u1ea7m PS5<\/strong> s\u1ebd c\u00f3 d\u1ea5u hi\u1ec7u h\u01b0 h\u1ecfng, gi\u1ea3m ch\u1ea5t l\u01b0\u1ee3ng,.. Tuy nhi\u00ean, tr\u00ean th\u1ecb tr\u01b0\u1eddng hi\u1ec7n nay t\u1ea1i \u0110\u00e0 N\u1eb5ng kh\u00f4ng c\u00f3 qu\u00e1 nhi\u1ec1u \u0111\u01a1n v\u1ecb s\u1eeda ch\u1eefa tay c\u1ea7m uy t\u00edn. V\u1edbi kinh nghi\u1ec7m v\u1eadn h\u00e0nh c\u1eeda h\u00e0ng playstation PS5, HAINO t\u1ef1 tin mang \u0111\u1ebfn d\u1ecbch v\u1ee5 <strong>s\u1eeda ch\u1eefa an to\u00e0n &#8211; gi\u00e1 c\u1ea3 h\u1ee3p l\u00fd<\/strong> t\u1ea1i th\u1ecb tr\u01b0\u1eddng \u0110\u00e0 N\u1eb5ng.\u00a0<\/span><\/p>\t\t\t\t\t\t<\/div>\n\t\t\t\t<\/div>\n\t\t\t\t\t<\/div>\n\t\t\t\t<\/div>\n\t\t<div class=\"elementor-element elementor-element-4ef17d7 e-flex e-con-boxed e-con e-parent\" data-id=\"4ef17d7\" data-element_type=\"container\" data-settings=\"{&quot;container_type&quot;:&quot;flex&quot;,&quot;content_width&quot;:&quot;boxed&quot;,&quot;gamico_line_number&quot;:0}\" data-core-v316-plus=\"true\">\n\t\t\t\t\t<div class=\"e-con-inner\">\n\t\t<div class=\"elementor-element elementor-element-0b20fce e-con-full e-flex e-con e-child\" data-id=\"0b20fce\" data-element_type=\"container\" data-settings=\"{&quot;content_width&quot;:&quot;full&quot;,&quot;container_type&quot;:&quot;flex&quot;,&quot;gamico_line_number&quot;:0}\">\n\t\t\t\t<div class=\"elementor-element elementor-element-0c09336 elementor-widget elementor-widget-image\" data-id=\"0c09336\" data-element_type=\"widget\" data-widget_type=\"image.default\">\n\t\t\t\t<div class=\"elementor-widget-container\">\n\t\t\t\t\t\t\t\t\t\t\t\t\t<img fetchpriority=\"high\" decoding=\"async\" width=\"1954\" height=\"1454\" src=\"https:\/\/hainoplaystation.com\/wp-content\/uploads\/2024\/03\/Screenshot-34.png\" class=\"attachment-large size-large wp-image-8260\" alt=\"\" srcset=\"https:\/\/hainoplaystation.com\/wp-content\/uploads\/2024\/03\/Screenshot-34.png 1954w, https:\/\/hainoplaystation.com\/wp-content\/uploads\/2024\/03\/Screenshot-34-768x571.png 768w, https:\/\/hainoplaystation.com\/wp-content\/uploads\/2024\/03\/Screenshot-34-1536x1143.png 1536w\" sizes=\"(max-width: 1954px) 100vw, 1954px\" title=\"\">\t\t\t\t\t\t\t\t\t\t\t\t\t<\/div>\n\t\t\t\t<\/div>\n\t\t\t\t<\/div>\n\t\t<div class=\"elementor-element elementor-element-97d1cba e-con-full e-flex e-con e-child\" data-id=\"97d1cba\" data-element_type=\"container\" data-settings=\"{&quot;content_width&quot;:&quot;full&quot;,&quot;container_type&quot;:&quot;flex&quot;,&quot;gamico_line_number&quot;:0}\">\n\t\t\t\t<div class=\"elementor-element elementor-element-5be8f88 elementor-widget elementor-widget-text-editor\" data-id=\"5be8f88\" data-element_type=\"widget\" data-widget_type=\"text-editor.default\">\n\t\t\t\t<div class=\"elementor-widget-container\">\n\t\t\t\t\t\t\t<p><b>L\u1ed6I TH\u01af\u1edcNG G\u1eb6P TR\u00caN TAY C\u1ea6M PLAYSTATION PS5<\/b><\/p><ul class=\"ul1\"><li class=\"li1\">L\u1ed7i analog tay c\u1ea7m PS5<\/li><li class=\"li1\">L\u1ed7i ph\u00edm tay c\u1ea7m PS5<\/li><li class=\"li1\">L\u1ed7i kh\u00f4ng nh\u1eadn t\u00edn hi\u1ec7u PS5<\/li><li class=\"li1\">L\u1ed7i m\u1ea5t ngu\u1ed3n tay c\u1ea7m PS5<\/li><li class=\"li1\">L\u1ed7i m\u1ea5t rung tay c\u1ea7m PS5<\/li><li class=\"li1\">Thay pin tay c\u1ea7m PS5<\/li><li class=\"li1\">Thay cao su tay c\u1ea7m PS5<\/li><li class=\"li1\">S\u1eeda pad c\u1ea3m \u1ee9ng tay c\u1ea7m PS5<\/li><li class=\"li1\">V\u1ec7 sinh tay c\u1ea7m PS5<\/li><li class=\"li1\">S\u1eeda v\u1ecf, khung, b\u1ed9 ph\u1eadn nh\u1ef1a PS5<\/li><\/ul>\t\t\t\t\t\t<\/div>\n\t\t\t\t<\/div>\n\t\t\t\t<\/div>\n\t\t\t\t\t<\/div>\n\t\t\t\t<\/div>\n\t\t<div class=\"elementor-element elementor-element-b60a4b8 e-flex e-con-boxed e-con e-parent\" data-id=\"b60a4b8\" data-element_type=\"container\" data-settings=\"{&quot;container_type&quot;:&quot;flex&quot;,&quot;content_width&quot;:&quot;boxed&quot;,&quot;gamico_line_number&quot;:0}\" data-core-v316-plus=\"true\">\n\t\t\t\t\t<div class=\"e-con-inner\">\n\t\t<div class=\"elementor-element elementor-element-1faa317 e-con-full e-flex e-con e-child\" data-id=\"1faa317\" data-element_type=\"container\" data-settings=\"{&quot;content_width&quot;:&quot;full&quot;,&quot;container_type&quot;:&quot;flex&quot;,&quot;gamico_line_number&quot;:0}\">\n\t\t\t\t<div class=\"elementor-element elementor-element-e625869 elementor-widget elementor-widget-image\" data-id=\"e625869\" data-element_type=\"widget\" data-widget_type=\"image.default\">\n\t\t\t\t<div class=\"elementor-widget-container\">\n\t\t\t\t\t\t\t\t\t\t\t\t\t<img decoding=\"async\" width=\"1948\" height=\"1458\" src=\"https:\/\/hainoplaystation.com\/wp-content\/uploads\/2024\/03\/Screenshot-35.png\" class=\"attachment-large size-large wp-image-8261\" alt=\"\" srcset=\"https:\/\/hainoplaystation.com\/wp-content\/uploads\/2024\/03\/Screenshot-35.png 1948w, https:\/\/hainoplaystation.com\/wp-content\/uploads\/2024\/03\/Screenshot-35-768x575.png 768w, https:\/\/hainoplaystation.com\/wp-content\/uploads\/2024\/03\/Screenshot-35-1536x1150.png 1536w\" sizes=\"(max-width: 1948px) 100vw, 1948px\" title=\"\">\t\t\t\t\t\t\t\t\t\t\t\t\t<\/div>\n\t\t\t\t<\/div>\n\t\t\t\t<\/div>\n\t\t<div class=\"elementor-element elementor-element-35dcdb9 e-con-full e-flex e-con e-child\" data-id=\"35dcdb9\" data-element_type=\"container\" data-settings=\"{&quot;content_width&quot;:&quot;full&quot;,&quot;container_type&quot;:&quot;flex&quot;,&quot;gamico_line_number&quot;:0}\">\n\t\t\t\t<div class=\"elementor-element elementor-element-c4edaa2 elementor-widget elementor-widget-text-editor\" data-id=\"c4edaa2\" data-element_type=\"widget\" data-widget_type=\"text-editor.default\">\n\t\t\t\t<div class=\"elementor-widget-container\">\n\t\t\t\t\t\t\t<p class=\"p1\"><b>\u01afU \u0110I\u1ec2M KHI\u00a0S\u1eecA TAY C\u1ea6M CH\u01a0I GAME\u00a0T\u1ea0I HAINO<\/b><\/p><ul><li style=\"list-style-type: none;\"><ul class=\"ul1\"><li class=\"li2\">V\u1edbi c\u00e1c l\u1ed7i c\u01a1 b\u1ea3n, h\u1ecfng nh\u1eb9 ho\u1eb7c v\u1ec7 sinh tay c\u1ea7m s\u1ebd s\u1eeda l\u1ea5y ngay trong ng\u00e0y (90% c\u00e1c tr\u01b0\u1eddng h\u1ee3p tay c\u1ea7m b\u1ecb h\u1ecfng \u0111\u1ec1u c\u00f3 th\u1ec3 s\u1eeda l\u1ea5y\u00a0ngay);<\/li><li class=\"li2\">Ti\u1ebft ki\u1ec7m th\u1eddi gian;<\/li><li class=\"li2\">Gi\u00e1 c\u1ea3 h\u1ee3p l\u00fd, c\u1ea1nh tranh.<\/li><\/ul><\/li><\/ul>\t\t\t\t\t\t<\/div>\n\t\t\t\t<\/div>\n\t\t\t\t<\/div>\n\t\t\t\t\t<\/div>\n\t\t\t\t<\/div>\n\t\t<div class=\"elementor-element elementor-element-1610d73 e-flex e-con-boxed e-con e-parent\" data-id=\"1610d73\" data-element_type=\"container\" data-settings=\"{&quot;container_type&quot;:&quot;flex&quot;,&quot;content_width&quot;:&quot;boxed&quot;,&quot;gamico_line_number&quot;:0}\" data-core-v316-plus=\"true\">\n\t\t\t\t\t<div class=\"e-con-inner\">\n\t\t\t\t<div class=\"elementor-element elementor-element-521219e elementor-widget-divider--view-line elementor-widget elementor-widget-divider\" data-id=\"521219e\" data-element_type=\"widget\" data-widget_type=\"divider.default\">\n\t\t\t\t<div class=\"elementor-widget-container\">\n\t\t\t\t\t<div class=\"elementor-divider\">\n\t\t\t<span class=\"elementor-divider-separator\">\n\t\t\t\t\t\t<\/span>\n\t\t<\/div>\n\t\t\t\t<\/div>\n\t\t\t\t<\/div>\n\t\t\t\t<div class=\"elementor-element elementor-element-2560225 elementor-widget elementor-widget-heading\" data-id=\"2560225\" data-element_type=\"widget\" data-widget_type=\"heading.default\">\n\t\t\t\t<div class=\"elementor-widget-container\">\n\t\t\t<h2 class=\"elementor-heading-title elementor-size-default\">\u200bB\u1ea2NG GI\u00c1 THAM KH\u1ea2O D\u00c0NH CHO D\u1ecaCH V\u1ee4 S\u1eecA CH\u1eeeA\n\n<\/h2>\t\t<\/div>\n\t\t\t\t<\/div>\n\t\t\t\t\t<\/div>\n\t\t\t\t<\/div>\n\t\t<div class=\"elementor-element elementor-element-41847f1 e-flex e-con-boxed e-con e-parent\" data-id=\"41847f1\" data-element_type=\"container\" data-settings=\"{&quot;container_type&quot;:&quot;flex&quot;,&quot;content_width&quot;:&quot;boxed&quot;,&quot;gamico_line_number&quot;:0}\" data-core-v316-plus=\"true\">\n\t\t\t\t\t<div class=\"e-con-inner\">\n\t\t<div class=\"elementor-element elementor-element-873d53f e-con-full e-flex e-con e-child\" data-id=\"873d53f\" data-element_type=\"container\" data-settings=\"{&quot;content_width&quot;:&quot;full&quot;,&quot;container_type&quot;:&quot;flex&quot;,&quot;gamico_line_number&quot;:0}\">\n\t\t\t\t<div class=\"elementor-element elementor-element-6d7d3c7 elementor-widget elementor-widget-text-editor\" data-id=\"6d7d3c7\" data-element_type=\"widget\" data-widget_type=\"text-editor.default\">\n\t\t\t\t<div class=\"elementor-widget-container\">\n\t\t\t\t\t\t\t<p class=\"font_7 wixui-rich-text__text\"><span class=\"wixui-rich-text__text\"><span class=\"color_40 wixui-rich-text__text\">Tu\u1ef3 theo t\u00ecnh tr\u1ea1ng m\u00e1y, HAINO s\u1ebd t\u01b0 v\u1ea5n ph\u01b0\u01a1ng \u00e1n s\u1eeda ch\u1eefa ph\u00f9 h\u1ee3p. <strong><span style=\"color: #993366;\"><a style=\"color: #993366;\" href=\"https:\/\/www.facebook.com\/playstationdanang.haino\" target=\"_blank\" rel=\"noopener\">Li\u00ean h\u1ec7\u00a0<\/a><\/span><\/strong><\/span><strong><span style=\"color: #993366;\"><a style=\"color: #993366;\" href=\"https:\/\/www.facebook.com\/playstationdanang.haino\" target=\"_blank\" rel=\"noopener\"><span class=\"color_40 wixui-rich-text__text\">fanpage\/ hotline<\/span><\/a><\/span><\/strong><span class=\"color_40 wixui-rich-text__text\"> \u0111\u1ec3 nh\u1eadn b\u00e1o gi\u00e1 ch\u00ednh x\u00e1c nh\u1ea5t)<\/span><\/span><\/p>\t\t\t\t\t\t<\/div>\n\t\t\t\t<\/div>\n\t\t\t\t<\/div>\n\t\t\t\t\t<\/div>\n\t\t\t\t<\/div>\n\t\t<div class=\"elementor-element elementor-element-719fd52 e-flex e-con-boxed e-con e-parent\" data-id=\"719fd52\" data-element_type=\"container\" data-settings=\"{&quot;container_type&quot;:&quot;flex&quot;,&quot;content_width&quot;:&quot;boxed&quot;,&quot;gamico_line_number&quot;:0}\" data-core-v316-plus=\"true\">\n\t\t\t\t\t<div class=\"e-con-inner\">\n\t\t\t\t<div class=\"elementor-element elementor-element-d701f2b elementor-hidden-tablet_extra elementor-hidden-tablet elementor-hidden-mobile_extra elementor-hidden-mobile elementor-widget elementor-widget-gamico-accordion-image2\" data-id=\"d701f2b\" data-element_type=\"widget\" data-widget_type=\"gamico-accordion-image2.default\">\n\t\t\t\t<div class=\"elementor-widget-container\">\n\t\t\t            <div class=\"elementor-accordion2-wrapper\" role=\"tablist\">\n                <div class=\"elementor-accordion2\">\n                    \n                        <div class=\"elementor-accordion2-item elementor-repeater-item-c3d4d42\" aria-controls=\"elementor-link-image-content-2251\">\n                            <div id=\"elementor-accordion-image-2251\" class=\"elementor-link-image2-content\" data-tab=\"1\" role=\"region\">\n                                            <img decoding=\"async\" width=\"3024\" height=\"4032\" src=\"https:\/\/hainoplaystation.com\/wp-content\/uploads\/2024\/03\/IMG_0042.png\" class=\"attachment-full size-full wp-image-8269\" alt=\"\" srcset=\"https:\/\/hainoplaystation.com\/wp-content\/uploads\/2024\/03\/IMG_0042.png 3024w, https:\/\/hainoplaystation.com\/wp-content\/uploads\/2024\/03\/IMG_0042-768x1024.png 768w, https:\/\/hainoplaystation.com\/wp-content\/uploads\/2024\/03\/IMG_0042-1152x1536.png 1152w, https:\/\/hainoplaystation.com\/wp-content\/uploads\/2024\/03\/IMG_0042-1536x2048.png 1536w\" sizes=\"(max-width: 3024px) 100vw, 3024px\" title=\"\">                                    <\/div>\n                            <div class=\"accordion-image-wrap\">\n                                <div class=\"accordion-image-wrap-inner\">\n                                    <div id=\"elementor-link-accordion-title-2251\" class=\"elementor-link-accordion-title elementor-repeater-item-c3d4d42\" data-tab=\"1\" role=\"tab\">\n                                                                                <div class=\"title\">CHUY\u00caN NGHI\u1ec6P<\/div>\n                                    <\/div>\n                                    <div id=\"elementor-link-accordion-content-2251\" class=\"elementor-link-accordion-content\" data-tab=\"1\" role=\"region\">\n                                                                                    <div class=\"description\"><ul style=\"list-style-type: square;\"><li><span style=\"font-size: 14px;\">Ki\u1ec3m tra - b\u00e1o gi\u00e1 tr\u01b0\u1edbc khi s\u1eeda ch\u1eefa<\/span><\/li><li><span style=\"font-size: 14px;\">\u0110\u1ea3m b\u1ea3o ch\u1ea5t l\u01b0\u1ee3ng cao - th\u1eddi gian nhanh ch\u00f3ng cho kh\u00e1ch h\u00e0ng<\/span><\/li><\/ul><\/div>\n                                                                                                                            <div class=\"button-link-wrap\">\n                                                <a class=\"button-link\" href=\"https:\/\/www.facebook.com\/playstationdanang.haino\" target=\"_blank\" rel=\"noopener\">Click Here<i class=\"gamico-icon-arrow-top-right\"><\/i><\/a>\n                                            <\/div>\n                                                                            <\/div>\n                                <\/div>\n                            <\/div>\n                        <\/div>\n                    \n                        <div class=\"elementor-accordion2-item elementor-repeater-item-2874127\" aria-controls=\"elementor-link-image-content-2252\">\n                            <div id=\"elementor-accordion-image-2252\" class=\"elementor-link-image2-content\" data-tab=\"2\" role=\"region\">\n                                            <img decoding=\"async\" width=\"3024\" height=\"4032\" src=\"https:\/\/hainoplaystation.com\/wp-content\/uploads\/2024\/03\/IMG_0042.png\" class=\"attachment-full size-full wp-image-8269\" alt=\"\" srcset=\"https:\/\/hainoplaystation.com\/wp-content\/uploads\/2024\/03\/IMG_0042.png 3024w, https:\/\/hainoplaystation.com\/wp-content\/uploads\/2024\/03\/IMG_0042-768x1024.png 768w, https:\/\/hainoplaystation.com\/wp-content\/uploads\/2024\/03\/IMG_0042-1152x1536.png 1152w, https:\/\/hainoplaystation.com\/wp-content\/uploads\/2024\/03\/IMG_0042-1536x2048.png 1536w\" sizes=\"(max-width: 3024px) 100vw, 3024px\" title=\"\">                                    <\/div>\n                            <div class=\"accordion-image-wrap\">\n                                <div class=\"accordion-image-wrap-inner\">\n                                    <div id=\"elementor-link-accordion-title-2252\" class=\"elementor-link-accordion-title elementor-repeater-item-2874127\" data-tab=\"2\" role=\"tab\">\n                                                                                <div class=\"title\">MINH B\u1ea0CH<\/div>\n                                    <\/div>\n                                    <div id=\"elementor-link-accordion-content-2252\" class=\"elementor-link-accordion-content\" data-tab=\"2\" role=\"region\">\n                                                                                    <div class=\"description\"><p>\u0110\u1ea3m b\u1ea3o kh\u00e1ch h\u00e0ng n\u1eafm to\u00e0n b\u1ed9 t\u00ecnh tr\u1ea1ng tay c\u1ea7m tr\u01b0\u1edbc khi ti\u1ebfn h\u00e0nh s\u1eeda ch\u1eefa.<\/p><p>Li\u1ec7t k\u00ea \u0111\u1ea7y \u0111\u1ee7 c\u00e1c v\u1ea5n \u0111\u1ec1 v\u00e0 gi\u1ea3i ph\u00e1p \u0111\u1ec3 c\u1ea3i thi\u1ec7n hi\u1ec7u su\u1ea5t tay c\u1ea7m ch\u01a1i game PS5<\/p><\/div>\n                                                                                                                            <div class=\"button-link-wrap\">\n                                                <a class=\"button-link\" href=\"https:\/\/www.facebook.com\/playstationdanang.haino\" target=\"_blank\" rel=\"noopener\">Click Here<i class=\"gamico-icon-arrow-top-right\"><\/i><\/a>\n                                            <\/div>\n                                                                            <\/div>\n                                <\/div>\n                            <\/div>\n                        <\/div>\n                    \n                        <div class=\"elementor-accordion2-item elementor-repeater-item-4840b54\" aria-controls=\"elementor-link-image-content-2253\">\n                            <div id=\"elementor-accordion-image-2253\" class=\"elementor-link-image2-content\" data-tab=\"3\" role=\"region\">\n                                            <img decoding=\"async\" width=\"3024\" height=\"4032\" src=\"https:\/\/hainoplaystation.com\/wp-content\/uploads\/2024\/03\/IMG_0042.png\" class=\"attachment-full size-full wp-image-8269\" alt=\"\" srcset=\"https:\/\/hainoplaystation.com\/wp-content\/uploads\/2024\/03\/IMG_0042.png 3024w, https:\/\/hainoplaystation.com\/wp-content\/uploads\/2024\/03\/IMG_0042-768x1024.png 768w, https:\/\/hainoplaystation.com\/wp-content\/uploads\/2024\/03\/IMG_0042-1152x1536.png 1152w, https:\/\/hainoplaystation.com\/wp-content\/uploads\/2024\/03\/IMG_0042-1536x2048.png 1536w\" sizes=\"(max-width: 3024px) 100vw, 3024px\" title=\"\">                                    <\/div>\n                            <div class=\"accordion-image-wrap\">\n                                <div class=\"accordion-image-wrap-inner\">\n                                    <div id=\"elementor-link-accordion-title-2253\" class=\"elementor-link-accordion-title elementor-repeater-item-4840b54\" data-tab=\"3\" role=\"tab\">\n                                                                                <div class=\"title\">GI\u00c1 T\u1ed0T<\/div>\n                                    <\/div>\n                                    <div id=\"elementor-link-accordion-content-2253\" class=\"elementor-link-accordion-content\" data-tab=\"3\" role=\"region\">\n                                                                                    <div class=\"description\"><p>L\u1ee3i th\u1ebf k\u1ebft h\u1ee3p m\u00f4 h\u00ecnh playstation t\u1ea1i \u0110\u00e0 N\u1eb5ng v\u00e0 m\u00f4 h\u00ecnh d\u1ecbch v\u1ee5 s\u1eeda ch\u1eefa, HAINO gi\u00fap b\u1ea1n t\u1ed1i \u01b0u ng\u00e2n s\u00e1ch s\u1eeda ch\u1eefa v\u1edbi kinh nghi\u1ec7m v\u1eadn h\u00e0nh ti\u1ec7m game c\u1ee7a \u0111\u1ed9i ng\u0169<\/p><\/div>\n                                                                                                                            <div class=\"button-link-wrap\">\n                                                <a class=\"button-link\" href=\"https:\/\/www.facebook.com\/playstationdanang.haino\" target=\"_blank\" rel=\"noopener\">Click Here<i class=\"gamico-icon-arrow-top-right\"><\/i><\/a>\n                                            <\/div>\n                                                                            <\/div>\n                                <\/div>\n                            <\/div>\n                        <\/div>\n                                    <\/div>\n            <\/div>\n            \t\t<\/div>\n\t\t\t\t<\/div>\n\t\t\t\t\t<\/div>\n\t\t\t\t<\/div>\n\t\t<div class=\"elementor-element elementor-element-c0c3def e-flex e-con-boxed e-con e-parent\" data-id=\"c0c3def\" data-element_type=\"container\" data-settings=\"{&quot;container_type&quot;:&quot;flex&quot;,&quot;content_width&quot;:&quot;boxed&quot;,&quot;gamico_line_number&quot;:0}\" data-core-v316-plus=\"true\">\n\t\t\t\t\t<div class=\"e-con-inner\">\n\t\t\t\t<div class=\"elementor-element elementor-element-5f0cbce elementor-widget-divider--view-line elementor-widget elementor-widget-divider\" data-id=\"5f0cbce\" data-element_type=\"widget\" data-widget_type=\"divider.default\">\n\t\t\t\t<div class=\"elementor-widget-container\">\n\t\t\t\t\t<div class=\"elementor-divider\">\n\t\t\t<span class=\"elementor-divider-separator\">\n\t\t\t\t\t\t<\/span>\n\t\t<\/div>\n\t\t\t\t<\/div>\n\t\t\t\t<\/div>\n\t\t\t\t<div class=\"elementor-element elementor-element-378e756 elementor-widget elementor-widget-heading\" data-id=\"378e756\" data-element_type=\"widget\" data-widget_type=\"heading.default\">\n\t\t\t\t<div class=\"elementor-widget-container\">\n\t\t\t<h2 class=\"elementor-heading-title elementor-size-default\">KH\u00c1CH H\u00c0NG \u0110\u00c3 S\u1eec D\u1ee4NG D\u1ecaCH V\u1ee4 S\u1eecA TAY C\u1ea6M<\/h2>\t\t<\/div>\n\t\t\t\t<\/div>\n\t\t\t\t<div class=\"elementor-element elementor-element-31ccfd4 elementor-arrows-position-inside elementor-pagination-position-outside elementor-widget elementor-widget-image-carousel\" data-id=\"31ccfd4\" data-element_type=\"widget\" data-settings=\"{&quot;navigation&quot;:&quot;both&quot;,&quot;autoplay&quot;:&quot;yes&quot;,&quot;pause_on_hover&quot;:&quot;yes&quot;,&quot;pause_on_interaction&quot;:&quot;yes&quot;,&quot;autoplay_speed&quot;:5000,&quot;infinite&quot;:&quot;yes&quot;,&quot;speed&quot;:500}\" data-widget_type=\"image-carousel.default\">\n\t\t\t\t<div class=\"elementor-widget-container\">\n\t\t\t\t\t<div class=\"elementor-image-carousel-wrapper swiper\" dir=\"ltr\">\n\t\t\t<div class=\"elementor-image-carousel swiper-wrapper\" aria-live=\"off\">\n\t\t\t\t\t\t\t\t<div class=\"swiper-slide\" role=\"group\" aria-roledescription=\"slide\" aria-label=\"1 of 3\"><figure class=\"swiper-slide-inner\"><img decoding=\"async\" class=\"swiper-slide-image\" src=\"https:\/\/hainoplaystation.com\/wp-content\/uploads\/2024\/03\/409106352_978009987659325_2343847854127086411_n.jpeg\" alt=\"S\u1eecA TAY C\u1ea6M PS5 T\u1ea0I HAINO\" title=\"\"><\/figure><\/div><div class=\"swiper-slide\" role=\"group\" aria-roledescription=\"slide\" aria-label=\"2 of 3\"><figure class=\"swiper-slide-inner\"><img decoding=\"async\" class=\"swiper-slide-image\" src=\"https:\/\/hainoplaystation.com\/wp-content\/uploads\/2024\/03\/381454423_861975362596122_8665814658660492037_n.jpeg\" alt=\"S\u1eecA TAY C\u1ea6M PS5 T\u1ea0I HAINO\" title=\"\"><\/figure><\/div><div class=\"swiper-slide\" role=\"group\" aria-roledescription=\"slide\" aria-label=\"3 of 3\"><figure class=\"swiper-slide-inner\"><img decoding=\"async\" class=\"swiper-slide-image\" src=\"https:\/\/hainoplaystation.com\/wp-content\/uploads\/2024\/03\/355838178_793242829469376_7185445357697439931_n.jpeg\" alt=\"S\u1eecA TAY C\u1ea6M PS5 T\u1ea0I HAINO\" title=\"\"><\/figure><\/div>\t\t\t<\/div>\n\t\t\t\t\t\t\t\t\t\t\t\t<div class=\"elementor-swiper-button elementor-swiper-button-prev\" role=\"button\" tabindex=\"0\">\n\t\t\t\t\t\t<svg aria-hidden=\"true\" class=\"e-font-icon-svg e-eicon-chevron-left\" viewbox=\"0 0 1000 1000\" xmlns=\"http:\/\/www.w3.org\/2000\/svg\"><path d=\"M646 125C629 125 613 133 604 142L308 442C296 454 292 471 292 487 292 504 296 521 308 533L604 854C617 867 629 875 646 875 663 875 679 871 692 858 704 846 713 829 713 812 713 796 708 779 692 767L438 487 692 225C700 217 708 204 708 187 708 171 704 154 692 142 675 129 663 125 646 125Z\"><\/path><\/svg>\t\t\t\t\t<\/div>\n\t\t\t\t\t<div class=\"elementor-swiper-button elementor-swiper-button-next\" role=\"button\" tabindex=\"0\">\n\t\t\t\t\t\t<svg aria-hidden=\"true\" class=\"e-font-icon-svg e-eicon-chevron-right\" viewbox=\"0 0 1000 1000\" xmlns=\"http:\/\/www.w3.org\/2000\/svg\"><path d=\"M696 533C708 521 713 504 713 487 713 471 708 454 696 446L400 146C388 133 375 125 354 125 338 125 325 129 313 142 300 154 292 171 292 187 292 204 296 221 308 233L563 492 304 771C292 783 288 800 288 817 288 833 296 850 308 863 321 871 338 875 354 875 371 875 388 867 400 854L696 533Z\"><\/path><\/svg>\t\t\t\t\t<\/div>\n\t\t\t\t\n\t\t\t\t\t\t\t\t\t<div class=\"swiper-pagination\"><\/div>\n\t\t\t\t\t\t\t\t\t<\/div>\n\t\t\t\t<\/div>\n\t\t\t\t<\/div>\n\t\t\t\t\t<\/div>\n\t\t\t\t<\/div>\n\t\t\t\t<\/div>","protected":false},"excerpt":{"rendered":"<p>TAY C\u1ea6M M\u01af\u1ee2T &#8211; &#8220;T\u0102NG TR\u1ea2I NGHI\u1ec6M CH\u01a0I GAME&#8221; \u200bTh\u00f4ng th\u01b0\u1eddng, khi s\u1eed d\u1ee5ng tay c\u1ea7m kho\u1ea3ng 3 th\u00e1ng, tay c\u1ea7m PS5 s\u1ebd c\u00f3 d\u1ea5u hi\u1ec7u h\u01b0 h\u1ecfng, gi\u1ea3m ch\u1ea5t l\u01b0\u1ee3ng,.. Tuy nhi\u00ean, tr\u00ean th\u1ecb tr\u01b0\u1eddng hi\u1ec7n nay t\u1ea1i \u0110\u00e0 N\u1eb5ng kh\u00f4ng c\u00f3 qu\u00e1 nhi\u1ec1u \u0111\u01a1n v\u1ecb s\u1eeda ch\u1eefa tay c\u1ea7m uy t\u00edn. V\u1edbi kinh [&hellip;]<\/p>","protected":false},"author":1,"featured_media":0,"parent":0,"menu_order":0,"comment_status":"closed","ping_status":"closed","template":"","meta":{"footnotes":""},"class_list":["post-8125","page","type-page","status-publish","hentry"],"_links":{"self":[{"href":"https:\/\/hainoplaystation.com\/en\/wp-json\/wp\/v2\/pages\/8125","targetHints":{"allow":["GET"]}}],"collection":[{"href":"https:\/\/hainoplaystation.com\/en\/wp-json\/wp\/v2\/pages"}],"about":[{"href":"https:\/\/hainoplaystation.com\/en\/wp-json\/wp\/v2\/types\/page"}],"author":[{"embeddable":true,"href":"https:\/\/hainoplaystation.com\/en\/wp-json\/wp\/v2\/users\/1"}],"replies":[{"embeddable":true,"href":"https:\/\/hainoplaystation.com\/en\/wp-json\/wp\/v2\/comments?post=8125"}],"version-history":[{"count":25,"href":"https:\/\/hainoplaystation.com\/en\/wp-json\/wp\/v2\/pages\/8125\/revisions"}],"predecessor-version":[{"id":8615,"href":"https:\/\/hainoplaystation.com\/en\/wp-json\/wp\/v2\/pages\/8125\/revisions\/8615"}],"wp:attachment":[{"href":"https:\/\/hainoplaystation.com\/en\/wp-json\/wp\/v2\/media?parent=8125"}],"curies":[{"name":"wp","href":"https:\/\/api.w.org\/{rel}","templated":true}]}}