{"id":1634,"date":"2023-12-26T01:58:59","date_gmt":"2023-12-26T01:58:59","guid":{"rendered":"https:\/\/demo2wpopal.b-cdn.net\/gamico\/?page_id=1634"},"modified":"2024-03-16T13:22:16","modified_gmt":"2024-03-16T06:22:16","slug":"contact-us","status":"publish","type":"page","link":"https:\/\/hainoplaystation.com\/en\/contact-us\/","title":{"rendered":"Li\u00ean h\u1ec7"},"content":{"rendered":"<div data-elementor-type=\"wp-page\" data-elementor-id=\"1634\" class=\"elementor elementor-1634\">\n\t\t\t\t<div class=\"elementor-element elementor-element-627041a e-flex e-con-boxed e-con e-parent\" data-id=\"627041a\" data-element_type=\"container\" data-settings=\"{&quot;background_background&quot;:&quot;classic&quot;,&quot;container_type&quot;:&quot;flex&quot;,&quot;content_width&quot;:&quot;boxed&quot;,&quot;gamico_line_number&quot;:0}\" data-core-v316-plus=\"true\">\n\t\t\t\t\t<div class=\"e-con-inner\">\n\t\t<div class=\"elementor-element elementor-element-bfb7241 e-con-full e-flex e-con e-child\" data-id=\"bfb7241\" data-element_type=\"container\" data-settings=\"{&quot;content_width&quot;:&quot;full&quot;,&quot;container_type&quot;:&quot;flex&quot;,&quot;gamico_line_number&quot;:0}\">\n\t\t\t\t<div class=\"elementor-element elementor-element-d7d426f elementor-widget elementor-widget-google_maps\" data-id=\"d7d426f\" data-element_type=\"widget\" data-widget_type=\"google_maps.default\">\n\t\t\t\t<div class=\"elementor-widget-container\">\n\t\t\t\t\t<div class=\"elementor-custom-embed\">\n\t\t\t<iframe loading=\"lazy\"\n\t\t\t\t\tsrc=\"https:\/\/maps.google.com\/maps?q=18%20An%20Trung%20%C4%90%C3%B4ng%205%2C%20S%C6%A1n%20Tr%C3%A0%2C%20%C4%90%C3%A0%20N%E1%BA%B5ng&#038;t=m&#038;z=14&#038;output=embed&#038;iwloc=near\"\n\t\t\t\t\ttitle=\"18 An Trung \u0110\u00f4ng 5, S\u01a1n Tr\u00e0, \u0110\u00e0 N\u1eb5ng\"\n\t\t\t\t\taria-label=\"18 An Trung \u0110\u00f4ng 5, S\u01a1n Tr\u00e0, \u0110\u00e0 N\u1eb5ng\"\n\t\t\t><\/iframe>\n\t\t<\/div>\n\t\t\t\t<\/div>\n\t\t\t\t<\/div>\n\t\t<div class=\"elementor-element elementor-element-fca1328 e-con-full e-flex e-con e-child\" data-id=\"fca1328\" data-element_type=\"container\" data-settings=\"{&quot;background_background&quot;:&quot;classic&quot;,&quot;content_width&quot;:&quot;full&quot;,&quot;container_type&quot;:&quot;flex&quot;,&quot;gamico_line_number&quot;:0}\">\n\t\t\t\t<div class=\"elementor-element elementor-element-f268bdf animated-fast elementor-invisible elementor-widget elementor-widget-heading\" data-id=\"f268bdf\" data-element_type=\"widget\" data-settings=\"{&quot;_animation&quot;:&quot;opal-move-up&quot;}\" data-widget_type=\"heading.default\">\n\t\t\t\t<div class=\"elementor-widget-container\">\n\t\t\t<h4 class=\"elementor-heading-title elementor-size-default\">\u0110\u1ecaA CH\u1ec8 TI\u1ec6M HAINO<\/h4>\t\t<\/div>\n\t\t\t\t<\/div>\n\t\t\t\t<div class=\"elementor-element elementor-element-20106ca animated-fast icon-style-1 elementor-vertical-align-top elementor-invisible elementor-widget elementor-widget-icon-box\" data-id=\"20106ca\" data-element_type=\"widget\" data-settings=\"{&quot;_animation&quot;:&quot;opal-move-up&quot;}\" data-widget_type=\"icon-box.default\">\n\t\t\t\t<div class=\"elementor-widget-container\">\n\t\t\t\t\t<div class=\"elementor-icon-box-wrapper\">\n\t\t\t\t\t\t<div class=\"elementor-icon-box-content\">\n\t\t\t\t<h3 class=\"elementor-icon-box-title\">\n\t\t\t\t\t<span  >\n\t\t\t\t\t\t18 An Trung \u0110\u00f4ng 5, \u0110\u00e0 N\u1eb5ng\t\t\t\t\t<\/span>\n\t\t\t\t<\/h3>\n\t\t\t\t\t\t\t\t\t<p class=\"elementor-icon-box-description\">\n\t\t\t\t\t\t1 chi nh\u00e1nh duy nh\u1ea5t\t\t\t\t\t<\/p>\n\t\t\t\t\t\t\t<\/div>\n\t\t<\/div>\n\t\t\t\t<\/div>\n\t\t\t\t<\/div>\n\t\t\t\t<div class=\"elementor-element elementor-element-d4bddc4 animated-fast icon-style-1 elementor-vertical-align-top elementor-invisible elementor-widget elementor-widget-icon-box\" data-id=\"d4bddc4\" data-element_type=\"widget\" data-settings=\"{&quot;_animation&quot;:&quot;opal-move-up&quot;}\" data-widget_type=\"icon-box.default\">\n\t\t\t\t<div class=\"elementor-widget-container\">\n\t\t\t\t\t<div class=\"elementor-icon-box-wrapper\">\n\t\t\t\t\t\t<div class=\"elementor-icon-box-content\">\n\t\t\t\t<h3 class=\"elementor-icon-box-title\">\n\t\t\t\t\t<span  >\n\t\t\t\t\t\t(+84) 905.933.827 \/ (+84) 935.117.121\t\t\t\t\t<\/span>\n\t\t\t\t<\/h3>\n\t\t\t\t\t\t\t\t\t<p class=\"elementor-icon-box-description\">\n\t\t\t\t\t\tHotline\t\t\t\t\t<\/p>\n\t\t\t\t\t\t\t<\/div>\n\t\t<\/div>\n\t\t\t\t<\/div>\n\t\t\t\t<\/div>\n\t\t\t\t<div class=\"elementor-element elementor-element-163f687 animated-fast icon-style-1 elementor-vertical-align-top elementor-invisible elementor-widget elementor-widget-icon-box\" data-id=\"163f687\" data-element_type=\"widget\" data-settings=\"{&quot;_animation&quot;:&quot;opal-move-up&quot;}\" data-widget_type=\"icon-box.default\">\n\t\t\t\t<div class=\"elementor-widget-container\">\n\t\t\t\t\t<div class=\"elementor-icon-box-wrapper\">\n\t\t\t\t\t\t<div class=\"elementor-icon-box-content\">\n\t\t\t\t<h3 class=\"elementor-icon-box-title\">\n\t\t\t\t\t<span  >\n\t\t\t\t\t\thaino.store@gmail.com\t\t\t\t\t<\/span>\n\t\t\t\t<\/h3>\n\t\t\t\t\t\t\t\t\t<p class=\"elementor-icon-box-description\">\n\t\t\t\t\t\tContact us\t\t\t\t\t<\/p>\n\t\t\t\t\t\t\t<\/div>\n\t\t<\/div>\n\t\t\t\t<\/div>\n\t\t\t\t<\/div>\n\t\t\t\t<div class=\"elementor-element elementor-element-cbf393c animated-fast icon-style-1 elementor-vertical-align-top elementor-invisible elementor-widget elementor-widget-icon-box\" data-id=\"cbf393c\" data-element_type=\"widget\" data-settings=\"{&quot;_animation&quot;:&quot;opal-move-up&quot;}\" data-widget_type=\"icon-box.default\">\n\t\t\t\t<div class=\"elementor-widget-container\">\n\t\t\t\t\t<div class=\"elementor-icon-box-wrapper\">\n\t\t\t\t\t\t<div class=\"elementor-icon-box-content\">\n\t\t\t\t<h3 class=\"elementor-icon-box-title\">\n\t\t\t\t\t<span  >\n\t\t\t\t\t\tMonday - Sunday\t\t\t\t\t<\/span>\n\t\t\t\t<\/h3>\n\t\t\t\t\t\t\t\t\t<p class=\"elementor-icon-box-description\">\n\t\t\t\t\t\tGi\u1edd m\u1edf c\u1eeda: T\u1eeb 8:00 AM m\u1ed7i ng\u00e0y\t\t\t\t\t<\/p>\n\t\t\t\t\t\t\t<\/div>\n\t\t<\/div>\n\t\t\t\t<\/div>\n\t\t\t\t<\/div>\n\t\t\t\t<\/div>\n\t\t\t\t<\/div>\n\t\t\t\t\t<\/div>\n\t\t\t\t<\/div>\n\t\t<div class=\"elementor-element elementor-element-f862734 e-flex e-con-boxed e-con e-parent\" data-id=\"f862734\" data-element_type=\"container\" data-settings=\"{&quot;container_type&quot;:&quot;flex&quot;,&quot;content_width&quot;:&quot;boxed&quot;,&quot;gamico_line_number&quot;:0}\" data-core-v316-plus=\"true\">\n\t\t\t\t\t<div class=\"e-con-inner\">\n\t\t\t\t<div class=\"elementor-element elementor-element-1f91839 elementor-cta--skin-classic button-style-theme-default elementor-animated-content elementor-bg-transform elementor-bg-transform-zoom-in elementor-widget elementor-widget-banner\" data-id=\"1f91839\" data-element_type=\"widget\" data-widget_type=\"banner.default\">\n\t\t\t\t<div class=\"elementor-widget-container\">\n\t\t\t        <div class=\"elementor-cta\">\n                            <div class=\"elementor-cta__content\">\n                <div class=\"elementor-cta__content-inner\">\n                \n                <div class='elementor-content-wrapper'>\n                                        <div class=\"elementor-content-info\">\n                    <h2 class=\"elementor-cta__title elementor-cta__content-item elementor-content-item\">LI\u00caN H\u1ec6 \u0110\u1eb6T B\u00c0N<\/h2>\n                    \n                                        <div class=\"elementor-cta__button-wrapper elementor-cta__content-item elementor-content-item\">\n                        <a class=\"elementor-cta__button elementor-button elementor-size-sm\" href=\"https:\/\/www.facebook.com\/playstationdanang.haino\" target=\"_blank\" rel=\"noopener\">\n                       <!-- -->                        <span class=\"elementor-button-content-wrapper\">\n                                                            <span class=\"elementor-button-icon button-icon elementor-align-icon-left\">\n                                   <svg aria-hidden=\"true\" class=\"e-font-icon-svg e-fas-star\" viewbox=\"0 0 576 512\" xmlns=\"http:\/\/www.w3.org\/2000\/svg\"><path d=\"M259.3 17.8L194 150.2 47.9 171.5c-26.2 3.8-36.7 36.1-17.7 54.6l105.7 103-25 145.5c-4.5 26.3 23.2 46 46.4 33.7L288 439.6l130.7 68.7c23.2 12.2 50.9-7.4 46.4-33.7l-25-145.5 105.7-103c19-18.5 8.5-50.8-17.7-54.6L382 150.2 316.7 17.8c-11.7-23.6-45.6-23.9-57.4 0z\"><\/path><\/svg>                                <\/span>\n                                                        <span class=\"elementor-button-text\">Nh\u1eafn tin \u0111\u1eb7t b\u00e0n ngay<\/span>\n                        <\/span>\n\n                        <\/a>\n                        <\/div>\n                                        <\/div>\n                <\/div>\n                <\/div>\n            <\/div>\n                        <\/div>\n        \t\t<\/div>\n\t\t\t\t<\/div>\n\t\t\t\t\t<\/div>\n\t\t\t\t<\/div>\n\t\t\t\t<\/div>","protected":false},"excerpt":{"rendered":"<p>\u0110\u1ecaA CH\u1ec8 TI\u1ec6M HAINO 18 An Trung \u0110\u00f4ng 5, \u0110\u00e0 N\u1eb5ng 1 chi nh\u00e1nh duy nh\u1ea5t (+84) 905.933.827 \/ (+84) 935.117.121 Hotline haino.store@gmail.com Contact us Monday &#8211; Sunday Gi\u1edd m\u1edf c\u1eeda: T\u1eeb 8:00 AM m\u1ed7i ng\u00e0y LI\u00caN H\u1ec6 \u0110\u1eb6T B\u00c0N Nh\u1eafn tin \u0111\u1eb7t b\u00e0n ngay<\/p>","protected":false},"author":1,"featured_media":0,"parent":0,"menu_order":0,"comment_status":"closed","ping_status":"closed","template":"template-homepage.php","meta":{"footnotes":""},"class_list":["post-1634","page","type-page","status-publish","hentry"],"_links":{"self":[{"href":"https:\/\/hainoplaystation.com\/en\/wp-json\/wp\/v2\/pages\/1634","targetHints":{"allow":["GET"]}}],"collection":[{"href":"https:\/\/hainoplaystation.com\/en\/wp-json\/wp\/v2\/pages"}],"about":[{"href":"https:\/\/hainoplaystation.com\/en\/wp-json\/wp\/v2\/types\/page"}],"author":[{"embeddable":true,"href":"https:\/\/hainoplaystation.com\/en\/wp-json\/wp\/v2\/users\/1"}],"replies":[{"embeddable":true,"href":"https:\/\/hainoplaystation.com\/en\/wp-json\/wp\/v2\/comments?post=1634"}],"version-history":[{"count":8,"href":"https:\/\/hainoplaystation.com\/en\/wp-json\/wp\/v2\/pages\/1634\/revisions"}],"predecessor-version":[{"id":8619,"href":"https:\/\/hainoplaystation.com\/en\/wp-json\/wp\/v2\/pages\/1634\/revisions\/8619"}],"wp:attachment":[{"href":"https:\/\/hainoplaystation.com\/en\/wp-json\/wp\/v2\/media?parent=1634"}],"curies":[{"name":"wp","href":"https:\/\/api.w.org\/{rel}","templated":true}]}}