{"id":1496,"date":"2023-12-25T09:51:26","date_gmt":"2023-12-25T09:51:26","guid":{"rendered":"https:\/\/demo2wpopal.b-cdn.net\/gamico\/?page_id=1496"},"modified":"2024-03-15T16:32:26","modified_gmt":"2024-03-15T09:32:26","slug":"faq","status":"publish","type":"page","link":"https:\/\/hainoplaystation.com\/en\/faq\/","title":{"rendered":"C\u00e2u h\u1ecfi th\u01b0\u1eddng g\u1eb7p"},"content":{"rendered":"<div data-elementor-type=\"wp-page\" data-elementor-id=\"1496\" class=\"elementor elementor-1496\">\n\t\t\t\t<div class=\"elementor-element elementor-element-17345fa e-flex e-con-boxed e-con e-parent\" data-id=\"17345fa\" data-element_type=\"container\" data-settings=\"{&quot;background_background&quot;:&quot;classic&quot;,&quot;container_type&quot;:&quot;flex&quot;,&quot;content_width&quot;:&quot;boxed&quot;,&quot;gamico_line_number&quot;:0}\" data-core-v316-plus=\"true\">\n\t\t\t\t\t<div class=\"e-con-inner\">\n\t\t<div class=\"elementor-element elementor-element-28bc6fd e-con-full e-flex e-con e-child\" data-id=\"28bc6fd\" data-element_type=\"container\" data-settings=\"{&quot;content_width&quot;:&quot;full&quot;,&quot;container_type&quot;:&quot;flex&quot;,&quot;gamico_line_number&quot;:0}\">\n\t\t<div class=\"elementor-element elementor-element-6cbd18a e-con-full e-flex e-con e-child\" data-id=\"6cbd18a\" data-element_type=\"container\" data-settings=\"{&quot;content_width&quot;:&quot;full&quot;,&quot;container_type&quot;:&quot;flex&quot;,&quot;gamico_line_number&quot;:0}\">\n\t\t\t\t<div class=\"elementor-element elementor-element-5cd48c7 elementor-widget__width-initial animated-fast elementor-invisible elementor-widget elementor-widget-heading\" data-id=\"5cd48c7\" data-element_type=\"widget\" data-settings=\"{&quot;_animation&quot;:&quot;opal-move-up&quot;}\" data-widget_type=\"heading.default\">\n\t\t\t\t<div class=\"elementor-widget-container\">\n\t\t\t<h2 class=\"elementor-heading-title elementor-size-default\">HELLO, HAINO<br>GI\u00daP \u0110\u01af\u1ee2C G\u00cc?<\/h2>\t\t<\/div>\n\t\t\t\t<\/div>\n\t\t\t\t<\/div>\n\t\t<div class=\"elementor-element elementor-element-4b2defb e-con-full e-flex e-con e-child\" data-id=\"4b2defb\" data-element_type=\"container\" data-settings=\"{&quot;content_width&quot;:&quot;full&quot;,&quot;container_type&quot;:&quot;flex&quot;,&quot;gamico_line_number&quot;:0}\">\n\t\t\t\t<div class=\"elementor-element elementor-element-a5feaa2 animated-fast elementor-invisible elementor-widget elementor-widget-text-editor\" data-id=\"a5feaa2\" data-element_type=\"widget\" data-settings=\"{&quot;_animation&quot;:&quot;opal-move-up&quot;}\" data-widget_type=\"text-editor.default\">\n\t\t\t\t<div class=\"elementor-widget-container\">\n\t\t\t\t\t\t\t<p>B\u1ea5t k\u1ef3 c\u00e2u h\u1ecfi c\u1ea7n gi\u1ea3i \u0111\u00e1p t\u1eeb t\u01b0 v\u1ea5n d\u1ecbch v\u1ee5, t\u01b0 v\u1ea5n s\u1ea3n ph\u1ea9m ho\u1eb7c li\u00ean h\u1ec7 h\u1ee3p t\u00e1c, HAINO h\u00e2n h\u1ea1nh \u0111\u01b0\u1ee3c k\u1ebft n\u1ed1i v\u00e0 gi\u1ea3i \u0111\u00e1p!<\/p>\t\t\t\t\t\t<\/div>\n\t\t\t\t<\/div>\n\t\t<div class=\"elementor-element elementor-element-7e94a50 e-flex e-con-boxed e-con e-child\" data-id=\"7e94a50\" data-element_type=\"container\" data-settings=\"{&quot;background_background&quot;:&quot;classic&quot;,&quot;container_type&quot;:&quot;flex&quot;,&quot;content_width&quot;:&quot;boxed&quot;,&quot;gamico_line_number&quot;:0}\">\n\t\t\t\t\t<div class=\"e-con-inner\">\n\t\t\t\t<div class=\"elementor-element elementor-element-473db19 elementor-widget elementor-widget-n-accordion\" data-id=\"473db19\" data-element_type=\"widget\" data-settings=\"{&quot;default_state&quot;:&quot;expanded&quot;,&quot;max_items_expended&quot;:&quot;one&quot;,&quot;n_accordion_animation_duration&quot;:{&quot;unit&quot;:&quot;ms&quot;,&quot;size&quot;:400,&quot;sizes&quot;:[]}}\" data-widget_type=\"nested-accordion.default\">\n\t\t\t\t<div class=\"elementor-widget-container\">\n\t\t\t\t\t<div class=\"e-n-accordion\" aria-label=\"Accordion. Open links with Enter or Space, close with Escape, and navigate with Arrow Keys\">\n\t\t\t\t\t\t<details id=\"e-n-accordion-item-7470\" class=\"e-n-accordion-item\" open>\n\t\t\t\t<summary class=\"e-n-accordion-item-title\" data-accordion-index=\"1\" tabindex=\"0\" aria-expanded=\"true\" aria-controls=\"e-n-accordion-item-7470\" >\n\t\t\t\t\t<span class='e-n-accordion-item-title-header'><div class=\"e-n-accordion-item-title-text\"> HAINO m\u1edf c\u1eeda t\u1eeb m\u1ea5y gi\u1edd? <\/div><\/span>\n\t\t\t\t\t\t\t<span class='e-n-accordion-item-title-icon'>\n\t\t\t<span class='e-opened' ><svg aria-hidden=\"true\" class=\"e-font-icon-svg e-fas-chevron-up\" viewbox=\"0 0 448 512\" xmlns=\"http:\/\/www.w3.org\/2000\/svg\"><path d=\"M240.971 130.524l194.343 194.343c9.373 9.373 9.373 24.569 0 33.941l-22.667 22.667c-9.357 9.357-24.522 9.375-33.901.04L224 227.495 69.255 381.516c-9.379 9.335-24.544 9.317-33.901-.04l-22.667-22.667c-9.373-9.373-9.373-24.569 0-33.941L207.03 130.525c9.372-9.373 24.568-9.373 33.941-.001z\"><\/path><\/svg><\/span>\n\t\t\t<span class='e-closed'><svg aria-hidden=\"true\" class=\"e-font-icon-svg e-fas-chevron-down\" viewbox=\"0 0 448 512\" xmlns=\"http:\/\/www.w3.org\/2000\/svg\"><path d=\"M207.029 381.476L12.686 187.132c-9.373-9.373-9.373-24.569 0-33.941l22.667-22.667c9.357-9.357 24.522-9.375 33.901-.04L224 284.505l154.745-154.021c9.379-9.335 24.544-9.317 33.901.04l22.667 22.667c9.373 9.373 9.373 24.569 0 33.941L240.971 381.476c-9.373 9.372-24.569 9.372-33.942 0z\"><\/path><\/svg><\/span>\n\t\t<\/span>\n\n\t\t\t\t\t\t<\/summary>\n\t\t\t\t<div role=\"region\" aria-labelledby=\"e-n-accordion-item-7470\" class=\"elementor-element elementor-element-179b7f5 e-con-full e-flex e-con e-child\" data-id=\"179b7f5\" data-element_type=\"container\" data-settings=\"{&quot;content_width&quot;:&quot;full&quot;,&quot;container_type&quot;:&quot;flex&quot;,&quot;gamico_line_number&quot;:0}\">\n\t\t\t\t<div class=\"elementor-element elementor-element-668a4f1 elementor-widget elementor-widget-text-editor\" data-id=\"668a4f1\" data-element_type=\"widget\" data-widget_type=\"text-editor.default\">\n\t\t\t\t<div class=\"elementor-widget-container\">\n\t\t\t\t\t\t\t<p>T\u1eeb 8:00 AM (8 gi\u1edd s\u00e1ng) m\u1ed7i ng\u00e0y.\u00a0<\/p>\t\t\t\t\t\t<\/div>\n\t\t\t\t<\/div>\n\t\t\t\t<\/div>\n\t\t\t\t\t<\/details>\n\t\t\t\t\t\t<details id=\"e-n-accordion-item-7471\" class=\"e-n-accordion-item\" >\n\t\t\t\t<summary class=\"e-n-accordion-item-title\" data-accordion-index=\"2\" tabindex=\"-1\" aria-expanded=\"false\" aria-controls=\"e-n-accordion-item-7471\" >\n\t\t\t\t\t<span class='e-n-accordion-item-title-header'><div class=\"e-n-accordion-item-title-text\"> C\u00f3 th\u1ec3 \u0111\u1eb7t b\u00e0n theo y\u00eau c\u1ea7u kh\u00f4ng? <\/div><\/span>\n\t\t\t\t\t\t\t<span class='e-n-accordion-item-title-icon'>\n\t\t\t<span class='e-opened' ><svg aria-hidden=\"true\" class=\"e-font-icon-svg e-fas-chevron-up\" viewbox=\"0 0 448 512\" xmlns=\"http:\/\/www.w3.org\/2000\/svg\"><path d=\"M240.971 130.524l194.343 194.343c9.373 9.373 9.373 24.569 0 33.941l-22.667 22.667c-9.357 9.357-24.522 9.375-33.901.04L224 227.495 69.255 381.516c-9.379 9.335-24.544 9.317-33.901-.04l-22.667-22.667c-9.373-9.373-9.373-24.569 0-33.941L207.03 130.525c9.372-9.373 24.568-9.373 33.941-.001z\"><\/path><\/svg><\/span>\n\t\t\t<span class='e-closed'><svg aria-hidden=\"true\" class=\"e-font-icon-svg e-fas-chevron-down\" viewbox=\"0 0 448 512\" xmlns=\"http:\/\/www.w3.org\/2000\/svg\"><path d=\"M207.029 381.476L12.686 187.132c-9.373-9.373-9.373-24.569 0-33.941l22.667-22.667c9.357-9.357 24.522-9.375 33.901-.04L224 284.505l154.745-154.021c9.379-9.335 24.544-9.317 33.901.04l22.667 22.667c9.373 9.373 9.373 24.569 0 33.941L240.971 381.476c-9.373 9.372-24.569 9.372-33.942 0z\"><\/path><\/svg><\/span>\n\t\t<\/span>\n\n\t\t\t\t\t\t<\/summary>\n\t\t\t\t<div role=\"region\" aria-labelledby=\"e-n-accordion-item-7471\" class=\"elementor-element elementor-element-d1b67b0 e-con-full e-flex e-con e-child\" data-id=\"d1b67b0\" data-element_type=\"container\" data-settings=\"{&quot;content_width&quot;:&quot;full&quot;,&quot;container_type&quot;:&quot;flex&quot;,&quot;gamico_line_number&quot;:0}\">\n\t\t\t\t<div class=\"elementor-element elementor-element-68ddcf8 elementor-widget elementor-widget-text-editor\" data-id=\"68ddcf8\" data-element_type=\"widget\" data-widget_type=\"text-editor.default\">\n\t\t\t\t<div class=\"elementor-widget-container\">\n\t\t\t\t\t\t\t<p>\u0110\u01b0\u01a1ng nhi\u00ean c\u00f3. Li\u00ean h\u1ec7 \u0111\u1eb7t b\u00e0n qua Messenger \/ Hotline \u0111\u1ec3 gi\u1eef b\u00e0n (n\u1ebfu c\u00f2n ch\u1ed7). Qu\u00fd kh\u00e1ch vui l\u00f2ng \u0111\u1ebfn \u0111\u00fang gi\u1edd, HAINO ch\u1ec9 gi\u1eef m\u00e1y trong v\u00f2ng 15 ph\u00fat.<\/p>\t\t\t\t\t\t<\/div>\n\t\t\t\t<\/div>\n\t\t\t\t<\/div>\n\t\t\t\t\t<\/details>\n\t\t\t\t\t\t<details id=\"e-n-accordion-item-7472\" class=\"e-n-accordion-item\" >\n\t\t\t\t<summary class=\"e-n-accordion-item-title\" data-accordion-index=\"3\" tabindex=\"-1\" aria-expanded=\"false\" aria-controls=\"e-n-accordion-item-7472\" >\n\t\t\t\t\t<span class='e-n-accordion-item-title-header'><div class=\"e-n-accordion-item-title-text\"> T\u00f4i mu\u1ed1n \u0111\u1eb7t full ti\u1ec7m \u0111\u1ec3 t\u1ed5 ch\u1ee9c gi\u1ea3i cho c\u00f4ng ty <\/div><\/span>\n\t\t\t\t\t\t\t<span class='e-n-accordion-item-title-icon'>\n\t\t\t<span class='e-opened' ><svg aria-hidden=\"true\" class=\"e-font-icon-svg e-fas-chevron-up\" viewbox=\"0 0 448 512\" xmlns=\"http:\/\/www.w3.org\/2000\/svg\"><path d=\"M240.971 130.524l194.343 194.343c9.373 9.373 9.373 24.569 0 33.941l-22.667 22.667c-9.357 9.357-24.522 9.375-33.901.04L224 227.495 69.255 381.516c-9.379 9.335-24.544 9.317-33.901-.04l-22.667-22.667c-9.373-9.373-9.373-24.569 0-33.941L207.03 130.525c9.372-9.373 24.568-9.373 33.941-.001z\"><\/path><\/svg><\/span>\n\t\t\t<span class='e-closed'><svg aria-hidden=\"true\" class=\"e-font-icon-svg e-fas-chevron-down\" viewbox=\"0 0 448 512\" xmlns=\"http:\/\/www.w3.org\/2000\/svg\"><path d=\"M207.029 381.476L12.686 187.132c-9.373-9.373-9.373-24.569 0-33.941l22.667-22.667c9.357-9.357 24.522-9.375 33.901-.04L224 284.505l154.745-154.021c9.379-9.335 24.544-9.317 33.901.04l22.667 22.667c9.373 9.373 9.373 24.569 0 33.941L240.971 381.476c-9.373 9.372-24.569 9.372-33.942 0z\"><\/path><\/svg><\/span>\n\t\t<\/span>\n\n\t\t\t\t\t\t<\/summary>\n\t\t\t\t<div role=\"region\" aria-labelledby=\"e-n-accordion-item-7472\" class=\"elementor-element elementor-element-111c69a e-con-full e-flex e-con e-child\" data-id=\"111c69a\" data-element_type=\"container\" data-settings=\"{&quot;content_width&quot;:&quot;full&quot;,&quot;container_type&quot;:&quot;flex&quot;,&quot;gamico_line_number&quot;:0}\">\n\t\t\t\t<div class=\"elementor-element elementor-element-c76cc02 elementor-widget elementor-widget-text-editor\" data-id=\"c76cc02\" data-element_type=\"widget\" data-widget_type=\"text-editor.default\">\n\t\t\t\t<div class=\"elementor-widget-container\">\n\t\t\t\t\t\t\t<p>HAINO r\u1ea5t vui l\u00f2ng \u0111\u01b0\u1ee3c k\u1ebft n\u1ed1i. Hi\u1ec7n nay, c\u00f3 r\u1ea5t nhi\u1ec1u qu\u00fd c\u00f4ng ty, h\u1ed9i nh\u00f3m anh em thu\u00ea full ti\u1ec7m trong m\u1ed9t khung th\u1eddi gian c\u1ee5 th\u1ec3 \u0111\u1ec3 t\u1ed5 ch\u1ee9c gi\u1ea3i \u0111\u1ea5u giao l\u01b0u. Li\u00ean h\u1ec7 HOTLINE\/ Messenger \u0111\u1ec3 \u0111\u01b0\u1ee3c t\u01b0 v\u1ea5n c\u1ee5 th\u1ec3 m\u1ee9c gi\u00e1 (tu\u1ef3 khung gi\u1edd) v\u00e0 \u0111i\u1ec1u ki\u1ec7n \u0111i k\u00e8m.<\/p>\t\t\t\t\t\t<\/div>\n\t\t\t\t<\/div>\n\t\t\t\t<\/div>\n\t\t\t\t\t<\/details>\n\t\t\t\t\t\t<details id=\"e-n-accordion-item-7473\" class=\"e-n-accordion-item\" >\n\t\t\t\t<summary class=\"e-n-accordion-item-title\" data-accordion-index=\"4\" tabindex=\"-1\" aria-expanded=\"false\" aria-controls=\"e-n-accordion-item-7473\" >\n\t\t\t\t\t<span class='e-n-accordion-item-title-header'><div class=\"e-n-accordion-item-title-text\"> HAINO c\u00f3 ph\u1ee5c v\u1ee5 \u0111\u1ed3 u\u1ed1ng kh\u00f4ng <\/div><\/span>\n\t\t\t\t\t\t\t<span class='e-n-accordion-item-title-icon'>\n\t\t\t<span class='e-opened' ><svg aria-hidden=\"true\" class=\"e-font-icon-svg e-fas-chevron-up\" viewbox=\"0 0 448 512\" xmlns=\"http:\/\/www.w3.org\/2000\/svg\"><path d=\"M240.971 130.524l194.343 194.343c9.373 9.373 9.373 24.569 0 33.941l-22.667 22.667c-9.357 9.357-24.522 9.375-33.901.04L224 227.495 69.255 381.516c-9.379 9.335-24.544 9.317-33.901-.04l-22.667-22.667c-9.373-9.373-9.373-24.569 0-33.941L207.03 130.525c9.372-9.373 24.568-9.373 33.941-.001z\"><\/path><\/svg><\/span>\n\t\t\t<span class='e-closed'><svg aria-hidden=\"true\" class=\"e-font-icon-svg e-fas-chevron-down\" viewbox=\"0 0 448 512\" xmlns=\"http:\/\/www.w3.org\/2000\/svg\"><path d=\"M207.029 381.476L12.686 187.132c-9.373-9.373-9.373-24.569 0-33.941l22.667-22.667c9.357-9.357 24.522-9.375 33.901-.04L224 284.505l154.745-154.021c9.379-9.335 24.544-9.317 33.901.04l22.667 22.667c9.373 9.373 9.373 24.569 0 33.941L240.971 381.476c-9.373 9.372-24.569 9.372-33.942 0z\"><\/path><\/svg><\/span>\n\t\t<\/span>\n\n\t\t\t\t\t\t<\/summary>\n\t\t\t\t<div role=\"region\" aria-labelledby=\"e-n-accordion-item-7473\" class=\"elementor-element elementor-element-71acf01 e-con-full e-flex e-con e-child\" data-id=\"71acf01\" data-element_type=\"container\" data-settings=\"{&quot;content_width&quot;:&quot;full&quot;,&quot;container_type&quot;:&quot;flex&quot;,&quot;gamico_line_number&quot;:0}\">\n\t\t\t\t<div class=\"elementor-element elementor-element-eb13182 elementor-widget elementor-widget-text-editor\" data-id=\"eb13182\" data-element_type=\"widget\" data-widget_type=\"text-editor.default\">\n\t\t\t\t<div class=\"elementor-widget-container\">\n\t\t\t\t\t\t\t<p>C\u00f3 \u1ea1. \u0110\u1ed9i ng\u0169 HAINO ph\u1ee5c v\u1ee5 \u0111\u1ed3 \u0103n &#8211; th\u1ee9c u\u1ed1ng r\u1ea5t ch\u1ec9n chu, th\u01b0\u1eddng xuy\u00ean \u0111\u01b0\u1ee3c kh\u00e1ch h\u00e0ng khen &#8220;m\u1ef3 x\u00e0o&#8221; r\u1ea5t ngon. M\u1eddi anh em gh\u00e9 th\u01b0\u1edfng th\u1ee9c!<\/p>\t\t\t\t\t\t<\/div>\n\t\t\t\t<\/div>\n\t\t\t\t<\/div>\n\t\t\t\t\t<\/details>\n\t\t\t\t\t\t<details id=\"e-n-accordion-item-7474\" class=\"e-n-accordion-item\" >\n\t\t\t\t<summary class=\"e-n-accordion-item-title\" data-accordion-index=\"5\" tabindex=\"-1\" aria-expanded=\"false\" aria-controls=\"e-n-accordion-item-7474\" >\n\t\t\t\t\t<span class='e-n-accordion-item-title-header'><div class=\"e-n-accordion-item-title-text\"> C\u00f3 \u0111\u01b0\u1ee3c h\u00fat thu\u1ed1c trong ti\u1ec7m kh\u00f4ng? <\/div><\/span>\n\t\t\t\t\t\t\t<span class='e-n-accordion-item-title-icon'>\n\t\t\t<span class='e-opened' ><svg aria-hidden=\"true\" class=\"e-font-icon-svg e-fas-chevron-up\" viewbox=\"0 0 448 512\" xmlns=\"http:\/\/www.w3.org\/2000\/svg\"><path d=\"M240.971 130.524l194.343 194.343c9.373 9.373 9.373 24.569 0 33.941l-22.667 22.667c-9.357 9.357-24.522 9.375-33.901.04L224 227.495 69.255 381.516c-9.379 9.335-24.544 9.317-33.901-.04l-22.667-22.667c-9.373-9.373-9.373-24.569 0-33.941L207.03 130.525c9.372-9.373 24.568-9.373 33.941-.001z\"><\/path><\/svg><\/span>\n\t\t\t<span class='e-closed'><svg aria-hidden=\"true\" class=\"e-font-icon-svg e-fas-chevron-down\" viewbox=\"0 0 448 512\" xmlns=\"http:\/\/www.w3.org\/2000\/svg\"><path d=\"M207.029 381.476L12.686 187.132c-9.373-9.373-9.373-24.569 0-33.941l22.667-22.667c9.357-9.357 24.522-9.375 33.901-.04L224 284.505l154.745-154.021c9.379-9.335 24.544-9.317 33.901.04l22.667 22.667c9.373 9.373 9.373 24.569 0 33.941L240.971 381.476c-9.373 9.372-24.569 9.372-33.942 0z\"><\/path><\/svg><\/span>\n\t\t<\/span>\n\n\t\t\t\t\t\t<\/summary>\n\t\t\t\t<div role=\"region\" aria-labelledby=\"e-n-accordion-item-7474\" class=\"elementor-element elementor-element-5eb35d0 e-con-full e-flex e-con e-child\" data-id=\"5eb35d0\" data-element_type=\"container\" data-settings=\"{&quot;content_width&quot;:&quot;full&quot;,&quot;container_type&quot;:&quot;flex&quot;,&quot;gamico_line_number&quot;:0}\">\n\t\t\t\t<div class=\"elementor-element elementor-element-e34eada elementor-widget elementor-widget-text-editor\" data-id=\"e34eada\" data-element_type=\"widget\" data-widget_type=\"text-editor.default\">\n\t\t\t\t<div class=\"elementor-widget-container\">\n\t\t\t\t\t\t\t<p>Nh\u1eb1m x\u00e2y d\u1ef1ng m\u00f4i tr\u01b0\u1eddng game th\u1ee7 hi\u1ec7n \u0111\u1ea1i, v\u0103n minh, HAINO khuy\u1ebfn kh\u00edch anh em kh\u00f4ng s\u1eed d\u1ee5ng thu\u1ed1c l\u00e1 trong ph\u1ea1m vi ti\u1ec7m HAINO. Ngo\u00e0i ra, ch\u00ednh s\u00e1ch n\u00e0y gi\u00fap ti\u1ec7m \u0111\u1ea3m b\u1ea3o an to\u00e0n ch\u00e1y &#8211; n\u1ed5,..<\/p>\t\t\t\t\t\t<\/div>\n\t\t\t\t<\/div>\n\t\t\t\t<\/div>\n\t\t\t\t\t<\/details>\n\t\t\t\t\t\t<details id=\"e-n-accordion-item-7475\" class=\"e-n-accordion-item\" >\n\t\t\t\t<summary class=\"e-n-accordion-item-title\" data-accordion-index=\"6\" tabindex=\"-1\" aria-expanded=\"false\" aria-controls=\"e-n-accordion-item-7475\" >\n\t\t\t\t\t<span class='e-n-accordion-item-title-header'><div class=\"e-n-accordion-item-title-text\"> C\u00f3 ch\u01b0\u01a1ng tr\u00ecnh \u01b0u \u0111\u00e3i g\u00ec kh\u00f4ng? <\/div><\/span>\n\t\t\t\t\t\t\t<span class='e-n-accordion-item-title-icon'>\n\t\t\t<span class='e-opened' ><svg aria-hidden=\"true\" class=\"e-font-icon-svg e-fas-chevron-up\" viewbox=\"0 0 448 512\" xmlns=\"http:\/\/www.w3.org\/2000\/svg\"><path d=\"M240.971 130.524l194.343 194.343c9.373 9.373 9.373 24.569 0 33.941l-22.667 22.667c-9.357 9.357-24.522 9.375-33.901.04L224 227.495 69.255 381.516c-9.379 9.335-24.544 9.317-33.901-.04l-22.667-22.667c-9.373-9.373-9.373-24.569 0-33.941L207.03 130.525c9.372-9.373 24.568-9.373 33.941-.001z\"><\/path><\/svg><\/span>\n\t\t\t<span class='e-closed'><svg aria-hidden=\"true\" class=\"e-font-icon-svg e-fas-chevron-down\" viewbox=\"0 0 448 512\" xmlns=\"http:\/\/www.w3.org\/2000\/svg\"><path d=\"M207.029 381.476L12.686 187.132c-9.373-9.373-9.373-24.569 0-33.941l22.667-22.667c9.357-9.357 24.522-9.375 33.901-.04L224 284.505l154.745-154.021c9.379-9.335 24.544-9.317 33.901.04l22.667 22.667c9.373 9.373 9.373 24.569 0 33.941L240.971 381.476c-9.373 9.372-24.569 9.372-33.942 0z\"><\/path><\/svg><\/span>\n\t\t<\/span>\n\n\t\t\t\t\t\t<\/summary>\n\t\t\t\t<div role=\"region\" aria-labelledby=\"e-n-accordion-item-7475\" class=\"elementor-element elementor-element-27fb9b2 e-con-full e-flex e-con e-child\" data-id=\"27fb9b2\" data-element_type=\"container\" data-settings=\"{&quot;content_width&quot;:&quot;full&quot;,&quot;container_type&quot;:&quot;flex&quot;,&quot;gamico_line_number&quot;:0}\">\n\t\t\t\t<div class=\"elementor-element elementor-element-5770885 elementor-widget elementor-widget-text-editor\" data-id=\"5770885\" data-element_type=\"widget\" data-widget_type=\"text-editor.default\">\n\t\t\t\t<div class=\"elementor-widget-container\">\n\t\t\t\t\t\t\t<p>HAINO \u00e1p d\u1ee5ng th\u01b0\u1eddng xuy\u00ean ch\u00ednh s\u00e1ch &#8220;t\u00edch \u0111i\u1ec3m cho th\u00e0nh vi\u00ean&#8221;. Tham kh\u1ea3o ch\u01b0\u01a1ng tr\u00ecnh th\u00eam <span style=\"color: #993300;\"><strong><a style=\"color: #993300;\" href=\"https:\/\/www.facebook.com\/photo\/?fbid=747549374038722&amp;set=a.532553202205008\" target=\"_blank\" rel=\"noopener\">t\u1ea1i \u0111\u00e2y<\/a><\/strong><\/span>.<\/p>\t\t\t\t\t\t<\/div>\n\t\t\t\t<\/div>\n\t\t\t\t<\/div>\n\t\t\t\t\t<\/details>\n\t\t\t\t\t<\/div>\n\t\t\t\t\t<script type=\"application\/ld+json\">{\"@context\":\"https:\\\/\\\/schema.org\",\"@type\":\"FAQPage\",\"mainEntity\":[{\"@type\":\"Question\",\"name\":\"HAINO m\\u1edf c\\u1eeda t\\u1eeb m\\u1ea5y gi\\u1edd?\",\"acceptedAnswer\":{\"@type\":\"Answer\",\"text\":\"T\\u1eeb 8:00 AM (8 gi\\u1edd s\\u00e1ng) m\\u1ed7i ng\\u00e0y.\\u00a0\"}},{\"@type\":\"Question\",\"name\":\"C\\u00f3 th\\u1ec3 \\u0111\\u1eb7t b\\u00e0n theo y\\u00eau c\\u1ea7u kh\\u00f4ng?\",\"acceptedAnswer\":{\"@type\":\"Answer\",\"text\":\"\\u0110\\u01b0\\u01a1ng nhi\\u00ean c\\u00f3. Li\\u00ean h\\u1ec7 \\u0111\\u1eb7t b\\u00e0n qua Messenger \\\/ Hotline \\u0111\\u1ec3 gi\\u1eef b\\u00e0n (n\\u1ebfu c\\u00f2n ch\\u1ed7). Qu\\u00fd kh\\u00e1ch vui l\\u00f2ng \\u0111\\u1ebfn \\u0111\\u00fang gi\\u1edd, HAINO ch\\u1ec9 gi\\u1eef m\\u00e1y trong v\\u00f2ng 15 ph\\u00fat.\"}},{\"@type\":\"Question\",\"name\":\"\\bT\\u00f4i mu\\u1ed1n \\u0111\\u1eb7t full ti\\u1ec7m \\u0111\\u1ec3 t\\u1ed5 ch\\u1ee9c gi\\u1ea3i cho c\\u00f4ng ty\",\"acceptedAnswer\":{\"@type\":\"Answer\",\"text\":\"HAINO r\\u1ea5t vui l\\u00f2ng \\u0111\\u01b0\\u1ee3c k\\u1ebft n\\u1ed1i. Hi\\u1ec7n nay, c\\u00f3 r\\u1ea5t nhi\\u1ec1u qu\\u00fd c\\u00f4ng ty, h\\u1ed9i nh\\u00f3m anh em thu\\u00ea full ti\\u1ec7m trong m\\u1ed9t khung th\\u1eddi gian c\\u1ee5 th\\u1ec3 \\u0111\\u1ec3 t\\u1ed5 ch\\u1ee9c gi\\u1ea3i \\u0111\\u1ea5u giao l\\u01b0u. Li\\u00ean h\\u1ec7 HOTLINE\\\/ Messenger \\u0111\\u1ec3 \\u0111\\u01b0\\u1ee3c t\\u01b0 v\\u1ea5n c\\u1ee5 th\\u1ec3 m\\u1ee9c gi\\u00e1 (tu\\u1ef3 khung gi\\u1edd) v\\u00e0 \\u0111i\\u1ec1u ki\\u1ec7n \\u0111i k\\u00e8m.\"}},{\"@type\":\"Question\",\"name\":\"HAINO c\\u00f3 ph\\u1ee5c v\\u1ee5 \\u0111\\u1ed3 u\\u1ed1ng kh\\u00f4ng\",\"acceptedAnswer\":{\"@type\":\"Answer\",\"text\":\"C\\u00f3 \\u1ea1. \\u0110\\u1ed9i ng\\u0169 HAINO ph\\u1ee5c v\\u1ee5 \\u0111\\u1ed3 \\u0103n &#8211; th\\u1ee9c u\\u1ed1ng r\\u1ea5t ch\\u1ec9n chu, th\\u01b0\\u1eddng xuy\\u00ean \\u0111\\u01b0\\u1ee3c kh\\u00e1ch h\\u00e0ng khen &#8220;m\\u1ef3 x\\u00e0o&#8221; r\\u1ea5t ngon. M\\u1eddi anh em gh\\u00e9 th\\u01b0\\u1edfng th\\u1ee9c!\"}},{\"@type\":\"Question\",\"name\":\"C\\u00f3 \\u0111\\u01b0\\u1ee3c h\\u00fat thu\\u1ed1c trong ti\\u1ec7m kh\\u00f4ng?\",\"acceptedAnswer\":{\"@type\":\"Answer\",\"text\":\"Nh\\u1eb1m x\\u00e2y d\\u1ef1ng m\\u00f4i tr\\u01b0\\u1eddng game th\\u1ee7 hi\\u1ec7n \\u0111\\u1ea1i, v\\u0103n minh, HAINO khuy\\u1ebfn kh\\u00edch anh em kh\\u00f4ng s\\u1eed d\\u1ee5ng thu\\u1ed1c l\\u00e1 trong ph\\u1ea1m vi ti\\u1ec7m HAINO. Ngo\\u00e0i ra, ch\\u00ednh s\\u00e1ch n\\u00e0y gi\\u00fap ti\\u1ec7m \\u0111\\u1ea3m b\\u1ea3o an to\\u00e0n ch\\u00e1y &#8211; n\\u1ed5,..\"}},{\"@type\":\"Question\",\"name\":\"C\\u00f3 ch\\u01b0\\u01a1ng tr\\u00ecnh \\u01b0u \\u0111\\u00e3i g\\u00ec kh\\u00f4ng?\",\"acceptedAnswer\":{\"@type\":\"Answer\",\"text\":\"HAINO \\u00e1p d\\u1ee5ng th\\u01b0\\u1eddng xuy\\u00ean ch\\u00ednh s\\u00e1ch &#8220;t\\u00edch \\u0111i\\u1ec3m cho th\\u00e0nh vi\\u00ean&#8221;. Tham kh\\u1ea3o ch\\u01b0\\u01a1ng tr\\u00ecnh th\\u00eam t\\u1ea1i \\u0111\\u00e2y.\"}}]}<\/script>\n\t\t\t\t\t<\/div>\n\t\t\t\t<\/div>\n\t\t\t\t\t<\/div>\n\t\t\t\t<\/div>\n\t\t\t\t<\/div>\n\t\t\t\t<\/div>\n\t\t\t\t\t<\/div>\n\t\t\t\t<\/div>\n\t\t\t\t<\/div>","protected":false},"excerpt":{"rendered":"<p>HELLO, HAINO GI\u00daP \u0110\u01af\u1ee2C G\u00cc? B\u1ea5t k\u1ef3 c\u00e2u h\u1ecfi c\u1ea7n gi\u1ea3i \u0111\u00e1p t\u1eeb t\u01b0 v\u1ea5n d\u1ecbch v\u1ee5, t\u01b0 v\u1ea5n s\u1ea3n ph\u1ea9m ho\u1eb7c li\u00ean h\u1ec7 h\u1ee3p t\u00e1c, HAINO h\u00e2n h\u1ea1nh \u0111\u01b0\u1ee3c k\u1ebft n\u1ed1i v\u00e0 gi\u1ea3i \u0111\u00e1p! HAINO m\u1edf c\u1eeda t\u1eeb m\u1ea5y gi\u1edd? T\u1eeb 8:00 AM (8 gi\u1edd s\u00e1ng) m\u1ed7i ng\u00e0y. C\u00f3 th\u1ec3 \u0111\u1eb7t b\u00e0n theo y\u00eau [&hellip;]<\/p>","protected":false},"author":1,"featured_media":0,"parent":0,"menu_order":0,"comment_status":"closed","ping_status":"closed","template":"template-homepage.php","meta":{"footnotes":""},"class_list":["post-1496","page","type-page","status-publish","hentry"],"_links":{"self":[{"href":"https:\/\/hainoplaystation.com\/en\/wp-json\/wp\/v2\/pages\/1496","targetHints":{"allow":["GET"]}}],"collection":[{"href":"https:\/\/hainoplaystation.com\/en\/wp-json\/wp\/v2\/pages"}],"about":[{"href":"https:\/\/hainoplaystation.com\/en\/wp-json\/wp\/v2\/types\/page"}],"author":[{"embeddable":true,"href":"https:\/\/hainoplaystation.com\/en\/wp-json\/wp\/v2\/users\/1"}],"replies":[{"embeddable":true,"href":"https:\/\/hainoplaystation.com\/en\/wp-json\/wp\/v2\/comments?post=1496"}],"version-history":[{"count":9,"href":"https:\/\/hainoplaystation.com\/en\/wp-json\/wp\/v2\/pages\/1496\/revisions"}],"predecessor-version":[{"id":8548,"href":"https:\/\/hainoplaystation.com\/en\/wp-json\/wp\/v2\/pages\/1496\/revisions\/8548"}],"wp:attachment":[{"href":"https:\/\/hainoplaystation.com\/en\/wp-json\/wp\/v2\/media?parent=1496"}],"curies":[{"name":"wp","href":"https:\/\/api.w.org\/{rel}","templated":true}]}}